{"id":1125,"date":"2020-04-24T20:50:42","date_gmt":"2020-04-24T20:50:42","guid":{"rendered":"https:\/\/arrebeuri.ca\/by-the-way\/"},"modified":"2020-09-03T09:34:46","modified_gmt":"2020-09-03T09:34:46","slug":"by-the-way","status":"publish","type":"page","link":"https:\/\/arrebeuri.ca\/en\/by-the-way\/","title":{"rendered":"About us"},"content":{"rendered":"<p>[et_pb_section fb_built=&#8221;1&#8243; _builder_version=&#8221;4.4.2&#8243; background_image=&#8221;http:\/\/arrebeuri.ca\/wp-content\/uploads\/2020\/03\/a_propos_featured.png&#8221; height=&#8221;650px&#8221; da_disable_devices=&#8221;off|off|off&#8221; da_is_popup=&#8221;off&#8221; da_exit_intent=&#8221;off&#8221; da_has_close=&#8221;on&#8221; da_alt_close=&#8221;off&#8221; da_dark_close=&#8221;off&#8221; da_not_modal=&#8221;on&#8221; da_is_singular=&#8221;off&#8221; da_with_loader=&#8221;off&#8221; da_has_shadow=&#8221;on&#8221;][et_pb_row _builder_version=&#8221;4.4.1&#8243;][et_pb_column type=&#8221;4_4&#8243; _builder_version=&#8221;4.4.1&#8243;][et_pb_text _builder_version=&#8221;4.4.1&#8243;][\/et_pb_text][\/et_pb_column][\/et_pb_row][\/et_pb_section][et_pb_section fb_built=&#8221;1&#8243; _builder_version=&#8221;4.4.1&#8243; custom_padding=&#8221;80px||0px||false|false&#8221; da_disable_devices=&#8221;off|off|off&#8221; da_is_popup=&#8221;off&#8221; da_exit_intent=&#8221;off&#8221; da_has_close=&#8221;on&#8221; da_alt_close=&#8221;off&#8221; da_dark_close=&#8221;off&#8221; da_not_modal=&#8221;on&#8221; da_is_singular=&#8221;off&#8221; da_with_loader=&#8221;off&#8221; da_has_shadow=&#8221;on&#8221;][et_pb_row _builder_version=&#8221;4.4.1&#8243;][et_pb_column type=&#8221;4_4&#8243; _builder_version=&#8221;4.4.1&#8243;][et_pb_text _builder_version=&#8221;4.6.0&#8243; header_2_font=&#8221;|||on|||||&#8221; header_2_font_size=&#8221;22px&#8221; background_image=&#8221;https:\/\/arrebeuri.ca\/wp-content\/uploads\/2020\/03\/title_background.png&#8221; background_size=&#8221;contain&#8221; text_orientation=&#8221;center&#8221; custom_padding=&#8221;50px||45px||false|false&#8221; hover_enabled=&#8221;0&#8243; title_text=&#8221;title_background&#8221; sticky_enabled=&#8221;0&#8243;]<\/p>\n<h2>About us<\/h2>\n<p>[\/et_pb_text][\/et_pb_column][\/et_pb_row][\/et_pb_section][et_pb_section fb_built=&#8221;1&#8243; make_equal=&#8221;on&#8221; specialty=&#8221;on&#8221; padding_top_bottom_link_1=&#8221;false&#8221; padding_top_bottom_link_2=&#8221;true&#8221; padding_left_right_link_1=&#8221;false&#8221; padding_left_right_link_2=&#8221;false&#8221; padding_top_1=&#8221;10px&#8221; padding_top_2=&#8221;0px&#8221; padding_bottom_1=&#8221;0px&#8221; padding_bottom_2=&#8221;0px&#8221; module_class_2=&#8221;col-space&#8221; _builder_version=&#8221;4.4.1&#8243; custom_margin=&#8221;30px||80px||false|false&#8221; custom_padding=&#8221;30px||30px||true|false&#8221; da_disable_devices=&#8221;off|off|off&#8221; da_is_popup=&#8221;off&#8221; da_exit_intent=&#8221;off&#8221; da_has_close=&#8221;on&#8221; da_alt_close=&#8221;off&#8221; da_dark_close=&#8221;off&#8221; da_not_modal=&#8221;on&#8221; da_is_singular=&#8221;off&#8221; da_with_loader=&#8221;off&#8221; da_has_shadow=&#8221;on&#8221;][et_pb_column type=&#8221;1_3&#8243; _builder_version=&#8221;3.25&#8243; custom_padding=&#8221;|||&#8221; custom_padding__hover=&#8221;|||&#8221;][et_pb_image src=&#8221;https:\/\/arrebeuri.ca\/wp-content\/uploads\/2020\/03\/jeremy_guenneguez.png&#8221; force_fullwidth=&#8221;on&#8221; _builder_version=&#8221;4.6.0&#8243; custom_margin=&#8221;|62px|0px||false|false&#8221; custom_padding=&#8221;|42px||||&#8221; hover_enabled=&#8221;0&#8243; title_text=&#8221;Jeremy_Guenneguez&#8221; sticky_enabled=&#8221;0&#8243;][\/et_pb_image][et_pb_text _builder_version=&#8221;4.4.3&#8243; header_2_font=&#8221;|700|||||||&#8221; header_2_font_size=&#8221;28px&#8221; background_color=&#8221;#f7f8f7&#8243; custom_margin=&#8221;0px|40px|0px||false|false&#8221; custom_padding=&#8221;25px|25px|25px|25px|true|true&#8221; header_text_align_tablet=&#8221;&#8221; header_text_align_phone=&#8221;left&#8221; header_text_align_last_edited=&#8221;on|phone&#8221; text_orientation_tablet=&#8221;&#8221; text_orientation_phone=&#8221;left&#8221; text_orientation_last_edited=&#8221;on|phone&#8221;]<\/p>\n<h2>J\u00e9r\u00e9my Guenneguez<\/h2>\n<p><strong>founder<\/strong><br \/> <span>Holder of a Certificate of Technician Superior in Metalworks since 2006, J\u00e9r\u00e9my has forged a very varied experience during his professional career. Whether in manufacturing or through positions as a project manager or workshop manager, all these experiences have allowed him to acquire a great complementarity in his field.<\/span><\/p>\n<p>[\/et_pb_text][\/et_pb_column][et_pb_column type=&#8221;2_3&#8243; specialty_columns=&#8221;2&#8243; _builder_version=&#8221;3.25&#8243; custom_padding=&#8221;|||&#8221; custom_padding__hover=&#8221;|||&#8221;][et_pb_row_inner _builder_version=&#8221;4.4.1&#8243; width=&#8221;100%&#8221; custom_margin=&#8221;|||2px||&#8221; custom_padding=&#8221;0px||0px|24px|true|false&#8221;][et_pb_column_inner saved_specialty_column_type=&#8221;2_3&#8243; _builder_version=&#8221;4.4.1&#8243;][et_pb_text _builder_version=&#8221;4.4.1&#8243; header_font=&#8221;|700|||||||&#8221; header_font_size=&#8221;28px&#8221; header_line_height=&#8221;1.4em&#8221; header_3_font=&#8221;|700|||||||&#8221; header_3_font_size=&#8221;28px&#8221; header_3_line_height=&#8221;1.4em&#8221; custom_margin=&#8221;||20px||false|false&#8221;]<\/p>\n<h3>High Quality Craftsmanship <br \/>for quality furniture.<\/h3>\n<p>[\/et_pb_text][et_pb_text _builder_version=&#8221;4.4.3&#8243; header_font=&#8221;|700|||||||&#8221; header_font_size=&#8221;28px&#8221; header_line_height=&#8221;1.4em&#8221; text_orientation_tablet=&#8221;&#8221; text_orientation_phone=&#8221;left&#8221; text_orientation_last_edited=&#8221;on|phone&#8221;]<\/p>\n<p>Founded in Montreal, Arrebeuri relies on 14 years of experience in metalworking. Our workshop specializes in the realization of custom-made furniture and architectural elements in steel and stainless steel, as well as in the design and manufacture of custom furniture and architectural elements (Glass partition, stair ramps, railings, etc.).<\/p>\n<p>&nbsp;<\/p>\n<p>[\/et_pb_text][et_pb_text _builder_version=&#8221;4.4.1&#8243; text_font=&#8221;|600|||||||&#8221; text_font_size=&#8221;24px&#8221; text_line_height=&#8221;1.4em&#8221; header_font=&#8221;|700|||||||&#8221; header_font_size=&#8221;28px&#8221; header_line_height=&#8221;1.4em&#8221;]<\/p>\n<p>Our mission is to exploit the material <br \/>to bring your projects to life!\u00a0<\/p>\n<p>[\/et_pb_text][et_pb_text _builder_version=&#8221;4.4.3&#8243; header_font=&#8221;|700|||||||&#8221; header_font_size=&#8221;28px&#8221; header_line_height=&#8221;1.4em&#8221; text_orientation_tablet=&#8221;&#8221; text_orientation_phone=&#8221;&#8221; text_orientation_last_edited=&#8221;on|phone&#8221;]<\/p>\n<p>&nbsp;<\/p>\n<p>From the choice of materials to the finishes through the various stages of manufacturing, we make it a point of honor to deliver achievements of remarkable quality.<\/p>\n<p>&nbsp;<\/p>\n<p>[\/et_pb_text][et_pb_text _builder_version=&#8221;4.4.1&#8243; header_font=&#8221;|700|||||||&#8221; header_font_size=&#8221;28px&#8221; header_line_height=&#8221;1.4em&#8221; header_3_font=&#8221;|700|||||||&#8221; header_3_font_size=&#8221;28px&#8221; header_3_line_height=&#8221;1.4em&#8221; custom_margin=&#8221;||20px||false|false&#8221;]<\/p>\n<h3>List of services:<\/h3>\n<p>[\/et_pb_text][et_pb_text _builder_version=&#8221;4.4.3&#8243; header_font=&#8221;|700|||||||&#8221; header_font_size=&#8221;28px&#8221; header_line_height=&#8221;1.4em&#8221; text_font_size_tablet=&#8221;&#8221; text_font_size_phone=&#8221;15px&#8221; text_font_size_last_edited=&#8221;on|phone&#8221; text_orientation_tablet=&#8221;&#8221; text_orientation_phone=&#8221;left&#8221; text_orientation_last_edited=&#8221;on|phone&#8221;]<\/p>\n<p>\u2014 Designing and manufacturing custom furniture.<br \/>\u2014 Designing and manufacturing architectural elements.<br \/>\u2014 Work on several types of metals.<br \/>\u2014 Great range of types of finishes (powder coating, plating, burnishing&#8230;)<br \/>\u2014 Technical advice.<br \/>\u2014 Delivery and installation of products.<\/p>\n<p style=\"margin: 0cm; margin-bottom: .0001pt; vertical-align: baseline; box-sizing: border-box; outline: 0px;\"><span style=\"font-family: 'Helvetica','sans-serif'; color: #333333;\"><\/span><\/p>\n<p style=\"margin: 0cm; margin-bottom: .0001pt; vertical-align: baseline; box-sizing: border-box; outline: 0px;\"><span style=\"font-family: 'Helvetica','sans-serif'; color: #333333;\"><\/span><\/p>\n<p>[\/et_pb_text][\/et_pb_column_inner][\/et_pb_row_inner][et_pb_row_inner disabled_on=&#8221;on|off|off&#8221; _builder_version=&#8221;4.4.3&#8243; custom_padding=&#8221;0px||0px||true|&#8221;][et_pb_column_inner saved_specialty_column_type=&#8221;2_3&#8243; _builder_version=&#8221;4.4.1&#8243;][et_pb_divider color=&#8221;rgba(0,0,0,0.15)&#8221; divider_weight=&#8221;1px&#8221; _builder_version=&#8221;4.4.2&#8243;][\/et_pb_divider][\/et_pb_column_inner][\/et_pb_row_inner][et_pb_row_inner column_structure=&#8221;1_2,1_2&#8243; use_custom_gutter=&#8221;on&#8221; make_equal=&#8221;on&#8221; disabled_on=&#8221;off|off|off&#8221; module_class=&#8221;cta_row_propos&#8221; _builder_version=&#8221;4.4.3&#8243; custom_padding=&#8221;0px||0px|26px|true|false&#8221;][et_pb_column_inner type=&#8221;1_2&#8243; saved_specialty_column_type=&#8221;2_3&#8243; module_class=&#8221;cta_row_left&#8221; _builder_version=&#8221;4.4.1&#8243;][et_pb_text _builder_version=&#8221;4.4.3&#8243; text_font=&#8221;|600|||||||&#8221; text_font_size=&#8221;28px&#8221; text_line_height=&#8221;1.4em&#8221; custom_margin_tablet=&#8221;&#8221; custom_margin_phone=&#8221;10px||||false|false&#8221; custom_margin_last_edited=&#8221;on|phone&#8221;]We&#8217;ll be happy to study your project and help you make it happen![\/et_pb_text][\/et_pb_column_inner][et_pb_column_inner type=&#8221;1_2&#8243; saved_specialty_column_type=&#8221;2_3&#8243; module_class=&#8221;cta_row_right&#8221; _builder_version=&#8221;4.4.1&#8243;][et_pb_button button_url=&#8221;#contact&#8221; button_text=&#8221;Contact us&#8221; button_alignment=&#8221;right&#8221; button_alignment_tablet=&#8221;&#8221; button_alignment_phone=&#8221;center&#8221; button_alignment_last_edited=&#8221;on|phone&#8221; _builder_version=&#8221;4.4.3&#8243; custom_button=&#8221;on&#8221; button_text_size=&#8221;18px&#8221; button_border_width=&#8221;1px&#8221; button_border_radius=&#8221;4px&#8221; button_font=&#8221;|600|||||||&#8221; button_use_icon=&#8221;off&#8221; custom_margin=&#8221;10px||||false|false&#8221; custom_margin_tablet=&#8221;&#8221; custom_margin_phone=&#8221;10px||||false|false&#8221; custom_margin_last_edited=&#8221;on|phone&#8221;][\/et_pb_button][\/et_pb_column_inner][\/et_pb_row_inner][\/et_pb_column][\/et_pb_section][et_pb_section fb_built=&#8221;1&#8243; custom_padding_last_edited=&#8221;on|tablet&#8221; admin_label=&#8221;Section&#8221; module_id=&#8221;contact&#8221; module_class=&#8221;popup no-close close-alt&#8221; _builder_version=&#8221;4.4.3&#8243; width=&#8221;80%&#8221; width_tablet=&#8221;90%&#8221; width_phone=&#8221;&#8221; width_last_edited=&#8221;on|tablet&#8221; max_width=&#8221;1175px&#8221; max_width_tablet=&#8221;100%&#8221; max_width_phone=&#8221;&#8221; max_width_last_edited=&#8221;on|tablet&#8221; module_alignment=&#8221;center&#8221; custom_margin=&#8221;5%||||false|false&#8221; custom_padding=&#8221;1%||1%||false|false&#8221; custom_padding_tablet=&#8221;&#8221; custom_padding_phone=&#8221;&#8221; da_is_popup=&#8221;on&#8221; da_popup_slug=&#8221;contact&#8221; da_has_close=&#8221;off&#8221; da_alt_close=&#8221;on&#8221; da_disable_devices=&#8221;off|off|off&#8221; border_radii=&#8221;on|10px|10px|10px|10px&#8221; saved_tabs=&#8221;all&#8221; da_exit_intent=&#8221;off&#8221; da_dark_close=&#8221;off&#8221; da_not_modal=&#8221;on&#8221; da_is_singular=&#8221;off&#8221; da_with_loader=&#8221;off&#8221; da_has_shadow=&#8221;on&#8221;][et_pb_row _builder_version=&#8221;4.4.3&#8243; width=&#8221;100%&#8221; max_width=&#8221;100%&#8221; custom_padding=&#8221;4%|5%|2%|5%|false|true&#8221;][et_pb_column type=&#8221;4_4&#8243; _builder_version=&#8221;4.4.1&#8243;][et_pb_text _builder_version=&#8221;4.4.3&#8243; header_2_font=&#8221;|700||on|||||&#8221; header_2_text_align=&#8221;center&#8221; header_2_font_size=&#8221;22px&#8221; text_orientation=&#8221;center&#8221;]<\/p>\n<h2>Contact us<\/h2>\n<p>[\/et_pb_text][et_pb_text _builder_version=&#8221;4.4.1&#8243; text_font_size=&#8221;14px&#8221; header_2_font=&#8221;|700||on|||||&#8221; header_2_text_align=&#8221;center&#8221; header_2_font_size=&#8221;22px&#8221; text_orientation=&#8221;center&#8221;]<\/p>\n<p>We&#8217;ll be happy to study your project and help you make it happen!<\/p>\n<p>[\/et_pb_text][\/et_pb_column][\/et_pb_row][et_pb_row _builder_version=&#8221;4.4.3&#8243; width=&#8221;100%&#8221; max_width=&#8221;100%&#8221; custom_padding=&#8221;2%|5%|4%|5%|false|true&#8221;][et_pb_column type=&#8221;4_4&#8243; _builder_version=&#8221;4.4.1&#8243;][et_pb_text _builder_version=&#8221;4.4.4&#8243;]<\/p>\n\n<div class=\"wpcf7 no-js\" id=\"wpcf7-f1476-o1\" lang=\"en-CA\" dir=\"ltr\">\n<div class=\"screen-reader-response\"><p role=\"status\" aria-live=\"polite\" aria-atomic=\"true\"><\/p> <ul><\/ul><\/div>\n<form action=\"\/en\/wp-json\/wp\/v2\/pages\/1125#wpcf7-f1476-o1\" method=\"post\" class=\"wpcf7-form init\" aria-label=\"Contact form\" enctype=\"multipart\/form-data\" novalidate=\"novalidate\" data-status=\"init\">\n<div style=\"display: none;\">\n<input type=\"hidden\" name=\"_wpcf7\" value=\"1476\" \/>\n<input type=\"hidden\" name=\"_wpcf7_version\" value=\"5.9.7\" \/>\n<input type=\"hidden\" name=\"_wpcf7_locale\" value=\"en_CA\" \/>\n<input type=\"hidden\" name=\"_wpcf7_unit_tag\" value=\"wpcf7-f1476-o1\" \/>\n<input type=\"hidden\" name=\"_wpcf7_container_post\" value=\"0\" \/>\n<input type=\"hidden\" name=\"_wpcf7_posted_data_hash\" value=\"\" \/>\n<\/div>\n<div class=\"cfm_left\">\n\t<p><span class=\"wpcf7-form-control-wrap\" data-name=\"your-name\"><input size=\"40\" maxlength=\"400\" class=\"wpcf7-form-control wpcf7-text wpcf7-validates-as-required\" aria-required=\"true\" aria-invalid=\"false\" placeholder=\"Your name *\" value=\"\" type=\"text\" name=\"your-name\" \/><\/span><br \/>\n<span class=\"wpcf7-form-control-wrap\" data-name=\"your-email\"><input size=\"40\" maxlength=\"400\" class=\"wpcf7-form-control wpcf7-email wpcf7-validates-as-required wpcf7-text wpcf7-validates-as-email\" aria-required=\"true\" aria-invalid=\"false\" placeholder=\"Your email *\" value=\"\" type=\"email\" name=\"your-email\" \/><\/span><br \/>\n<span class=\"wpcf7-form-control-wrap\" data-name=\"your-phone\"><input size=\"40\" maxlength=\"400\" class=\"wpcf7-form-control wpcf7-tel wpcf7-validates-as-required wpcf7-text wpcf7-validates-as-tel\" aria-required=\"true\" aria-invalid=\"false\" placeholder=\"Your phone number *\" value=\"\" type=\"tel\" name=\"your-phone\" \/><\/span>\n\t<\/p>\n<\/div>\n<div class=\"cfm_right\">\n\t<p><span class=\"wpcf7-form-control-wrap\" data-name=\"your-message\"><textarea cols=\"40\" rows=\"10\" maxlength=\"2000\" class=\"wpcf7-form-control wpcf7-textarea wpcf7-validates-as-required\" aria-required=\"true\" aria-invalid=\"false\" placeholder=\"Leave us a message *\" name=\"your-message\"><\/textarea><\/span>\n\t<\/p>\n<\/div>\n<div style=\"clear:both; padding-top:15px;\">\n\t<p>Attached files<br \/>\n<span class=\"wpcf7-form-control-wrap\" data-name=\"file-446\"><input size=\"40\" class=\"wpcf7-form-control wpcf7-file\" accept=\"audio\/*,video\/*,image\/*\" aria-invalid=\"false\" type=\"file\" name=\"file-446\" \/><\/span>\n\t<\/p>\n<\/div>\n<p><span class=\"wpcf7-form-control-wrap\" data-name=\"file-709\"><input size=\"40\" class=\"wpcf7-form-control wpcf7-file\" accept=\"audio\/*,video\/*,image\/*\" aria-invalid=\"false\" type=\"file\" name=\"file-709\" \/><\/span><br \/>\n<span class=\"wpcf7-form-control-wrap\" data-name=\"file-176\"><input size=\"40\" class=\"wpcf7-form-control wpcf7-file\" accept=\"audio\/*,video\/*,image\/*\" aria-invalid=\"false\" type=\"file\" name=\"file-176\" \/><\/span>\n<\/p>\n<div class=\"cfm_btn\">\n\t<p><input class=\"wpcf7-form-control wpcf7-submit has-spinner\" type=\"submit\" value=\"Send\" \/>\n\t<\/p>\n<\/div><div class=\"wpcf7-response-output\" aria-hidden=\"true\"><\/div>\n<\/form>\n<\/div>\n\n<p>[\/et_pb_text][\/et_pb_column][\/et_pb_row][\/et_pb_section]<\/p>\n","protected":false},"excerpt":{"rendered":"<p>About usJ\u00e9r\u00e9my Guenneguez founder Holder of a Certificate of Technician Superior in Metalworks since 2006, J\u00e9r\u00e9my has forged a very varied experience during his professional career. Whether in manufacturing or through positions as a project manager or workshop manager, all these experiences have allowed him to acquire a great complementarity in his field.High Quality Craftsmanship [&hellip;]<\/p>\n","protected":false},"author":1,"featured_media":0,"parent":0,"menu_order":2,"comment_status":"closed","ping_status":"closed","template":"","meta":{"_et_pb_use_builder":"on","_et_pb_old_content":"","_et_gb_content_width":"","footnotes":""},"class_list":["post-1125","page","type-page","status-publish","hentry"],"yoast_head":"<!-- This site is optimized with the Yoast SEO plugin v23.1 - https:\/\/yoast.com\/wordpress\/plugins\/seo\/ -->\n<title>About us - Atelier Arrebeuri Montr\u00e9al<\/title>\n<meta name=\"description\" content=\"Founded in Montreal, Arrebeuri draws on 14 years of experience in metalworking. Our workshop specializes in the design and manufacture of custom furniture and architectural elements (Verri\u00e8re, stair ramps, railings, etc.).\" \/>\n<meta name=\"robots\" content=\"index, follow, max-snippet:-1, max-image-preview:large, max-video-preview:-1\" \/>\n<link rel=\"canonical\" href=\"https:\/\/arrebeuri.ca\/en\/by-the-way\/\" \/>\n<meta property=\"og:locale\" content=\"en_US\" \/>\n<meta property=\"og:type\" content=\"article\" \/>\n<meta property=\"og:title\" content=\"About us - Atelier Arrebeuri Montr\u00e9al\" \/>\n<meta property=\"og:description\" content=\"Founded in Montreal, Arrebeuri draws on 14 years of experience in metalworking. Our workshop specializes in the design and manufacture of custom furniture and architectural elements (Verri\u00e8re, stair ramps, railings, etc.).\" \/>\n<meta property=\"og:url\" content=\"https:\/\/arrebeuri.ca\/en\/by-the-way\/\" \/>\n<meta property=\"og:site_name\" content=\"Atelier Arrebeuri Montr\u00e9al\" \/>\n<meta property=\"article:publisher\" content=\"https:\/\/www.facebook.com\/arrebeuri\/\" \/>\n<meta property=\"article:modified_time\" content=\"2020-09-03T09:34:46+00:00\" \/>\n<meta name=\"twitter:card\" content=\"summary_large_image\" \/>\n<meta name=\"twitter:label1\" content=\"Est. reading time\" \/>\n\t<meta name=\"twitter:data1\" content=\"7 minutes\" \/>\n<script type=\"application\/ld+json\" class=\"yoast-schema-graph\">{\"@context\":\"https:\/\/schema.org\",\"@graph\":[{\"@type\":\"WebPage\",\"@id\":\"https:\/\/arrebeuri.ca\/en\/by-the-way\/\",\"url\":\"https:\/\/arrebeuri.ca\/en\/by-the-way\/\",\"name\":\"About us - Atelier Arrebeuri Montr\u00e9al\",\"isPartOf\":{\"@id\":\"http:\/\/arrebeuri.ca\/en\/#website\"},\"datePublished\":\"2020-04-24T20:50:42+00:00\",\"dateModified\":\"2020-09-03T09:34:46+00:00\",\"description\":\"Founded in Montreal, Arrebeuri draws on 14 years of experience in metalworking. Our workshop specializes in the design and manufacture of custom furniture and architectural elements (Verri\u00e8re, stair ramps, railings, etc.).\",\"breadcrumb\":{\"@id\":\"https:\/\/arrebeuri.ca\/en\/by-the-way\/#breadcrumb\"},\"inLanguage\":\"en-CA\",\"potentialAction\":[{\"@type\":\"ReadAction\",\"target\":[\"https:\/\/arrebeuri.ca\/en\/by-the-way\/\"]}]},{\"@type\":\"BreadcrumbList\",\"@id\":\"https:\/\/arrebeuri.ca\/en\/by-the-way\/#breadcrumb\",\"itemListElement\":[{\"@type\":\"ListItem\",\"position\":1,\"name\":\"Accueil\",\"item\":\"http:\/\/arrebeuri.ca\/en\/\"},{\"@type\":\"ListItem\",\"position\":2,\"name\":\"About us\"}]},{\"@type\":\"WebSite\",\"@id\":\"http:\/\/arrebeuri.ca\/en\/#website\",\"url\":\"http:\/\/arrebeuri.ca\/en\/\",\"name\":\"Atelier Arrebeuri Montr\u00e9al\",\"description\":\"Agence designs interieurs\",\"publisher\":{\"@id\":\"http:\/\/arrebeuri.ca\/en\/#organization\"},\"potentialAction\":[{\"@type\":\"SearchAction\",\"target\":{\"@type\":\"EntryPoint\",\"urlTemplate\":\"http:\/\/arrebeuri.ca\/en\/?s={search_term_string}\"},\"query-input\":\"required name=search_term_string\"}],\"inLanguage\":\"en-CA\"},{\"@type\":\"Organization\",\"@id\":\"http:\/\/arrebeuri.ca\/en\/#organization\",\"name\":\"Arrebeuri\",\"url\":\"http:\/\/arrebeuri.ca\/en\/\",\"logo\":{\"@type\":\"ImageObject\",\"inLanguage\":\"en-CA\",\"@id\":\"http:\/\/arrebeuri.ca\/en\/#\/schema\/logo\/image\/\",\"url\":\"https:\/\/arrebeuri.ca\/wp-content\/uploads\/2020\/03\/Arrebeuri-1.png\",\"contentUrl\":\"https:\/\/arrebeuri.ca\/wp-content\/uploads\/2020\/03\/Arrebeuri-1.png\",\"width\":138,\"height\":51,\"caption\":\"Arrebeuri\"},\"image\":{\"@id\":\"http:\/\/arrebeuri.ca\/en\/#\/schema\/logo\/image\/\"},\"sameAs\":[\"https:\/\/www.facebook.com\/arrebeuri\/\",\"https:\/\/www.instagram.com\/arrebeuri_mtl\/\"]}]}<\/script>\n<!-- \/ Yoast SEO plugin. -->","yoast_head_json":{"title":"About us - Atelier Arrebeuri Montr\u00e9al","description":"Founded in Montreal, Arrebeuri draws on 14 years of experience in metalworking. Our workshop specializes in the design and manufacture of custom furniture and architectural elements (Verri\u00e8re, stair ramps, railings, etc.).","robots":{"index":"index","follow":"follow","max-snippet":"max-snippet:-1","max-image-preview":"max-image-preview:large","max-video-preview":"max-video-preview:-1"},"canonical":"https:\/\/arrebeuri.ca\/en\/by-the-way\/","og_locale":"en_US","og_type":"article","og_title":"About us - Atelier Arrebeuri Montr\u00e9al","og_description":"Founded in Montreal, Arrebeuri draws on 14 years of experience in metalworking. Our workshop specializes in the design and manufacture of custom furniture and architectural elements (Verri\u00e8re, stair ramps, railings, etc.).","og_url":"https:\/\/arrebeuri.ca\/en\/by-the-way\/","og_site_name":"Atelier Arrebeuri Montr\u00e9al","article_publisher":"https:\/\/www.facebook.com\/arrebeuri\/","article_modified_time":"2020-09-03T09:34:46+00:00","twitter_card":"summary_large_image","twitter_misc":{"Est. reading time":"7 minutes"},"schema":{"@context":"https:\/\/schema.org","@graph":[{"@type":"WebPage","@id":"https:\/\/arrebeuri.ca\/en\/by-the-way\/","url":"https:\/\/arrebeuri.ca\/en\/by-the-way\/","name":"About us - Atelier Arrebeuri Montr\u00e9al","isPartOf":{"@id":"http:\/\/arrebeuri.ca\/en\/#website"},"datePublished":"2020-04-24T20:50:42+00:00","dateModified":"2020-09-03T09:34:46+00:00","description":"Founded in Montreal, Arrebeuri draws on 14 years of experience in metalworking. Our workshop specializes in the design and manufacture of custom furniture and architectural elements (Verri\u00e8re, stair ramps, railings, etc.).","breadcrumb":{"@id":"https:\/\/arrebeuri.ca\/en\/by-the-way\/#breadcrumb"},"inLanguage":"en-CA","potentialAction":[{"@type":"ReadAction","target":["https:\/\/arrebeuri.ca\/en\/by-the-way\/"]}]},{"@type":"BreadcrumbList","@id":"https:\/\/arrebeuri.ca\/en\/by-the-way\/#breadcrumb","itemListElement":[{"@type":"ListItem","position":1,"name":"Accueil","item":"http:\/\/arrebeuri.ca\/en\/"},{"@type":"ListItem","position":2,"name":"About us"}]},{"@type":"WebSite","@id":"http:\/\/arrebeuri.ca\/en\/#website","url":"http:\/\/arrebeuri.ca\/en\/","name":"Atelier Arrebeuri Montr\u00e9al","description":"Agence designs interieurs","publisher":{"@id":"http:\/\/arrebeuri.ca\/en\/#organization"},"potentialAction":[{"@type":"SearchAction","target":{"@type":"EntryPoint","urlTemplate":"http:\/\/arrebeuri.ca\/en\/?s={search_term_string}"},"query-input":"required name=search_term_string"}],"inLanguage":"en-CA"},{"@type":"Organization","@id":"http:\/\/arrebeuri.ca\/en\/#organization","name":"Arrebeuri","url":"http:\/\/arrebeuri.ca\/en\/","logo":{"@type":"ImageObject","inLanguage":"en-CA","@id":"http:\/\/arrebeuri.ca\/en\/#\/schema\/logo\/image\/","url":"https:\/\/arrebeuri.ca\/wp-content\/uploads\/2020\/03\/Arrebeuri-1.png","contentUrl":"https:\/\/arrebeuri.ca\/wp-content\/uploads\/2020\/03\/Arrebeuri-1.png","width":138,"height":51,"caption":"Arrebeuri"},"image":{"@id":"http:\/\/arrebeuri.ca\/en\/#\/schema\/logo\/image\/"},"sameAs":["https:\/\/www.facebook.com\/arrebeuri\/","https:\/\/www.instagram.com\/arrebeuri_mtl\/"]}]}},"_links":{"self":[{"href":"https:\/\/arrebeuri.ca\/en\/wp-json\/wp\/v2\/pages\/1125","targetHints":{"allow":["GET"]}}],"collection":[{"href":"https:\/\/arrebeuri.ca\/en\/wp-json\/wp\/v2\/pages"}],"about":[{"href":"https:\/\/arrebeuri.ca\/en\/wp-json\/wp\/v2\/types\/page"}],"author":[{"embeddable":true,"href":"https:\/\/arrebeuri.ca\/en\/wp-json\/wp\/v2\/users\/1"}],"replies":[{"embeddable":true,"href":"https:\/\/arrebeuri.ca\/en\/wp-json\/wp\/v2\/comments?post=1125"}],"version-history":[{"count":10,"href":"https:\/\/arrebeuri.ca\/en\/wp-json\/wp\/v2\/pages\/1125\/revisions"}],"predecessor-version":[{"id":1361,"href":"https:\/\/arrebeuri.ca\/en\/wp-json\/wp\/v2\/pages\/1125\/revisions\/1361"}],"wp:attachment":[{"href":"https:\/\/arrebeuri.ca\/en\/wp-json\/wp\/v2\/media?parent=1125"}],"curies":[{"name":"wp","href":"https:\/\/api.w.org\/{rel}","templated":true}]}}